{"id":3817,"date":"2025-06-11T17:48:06","date_gmt":"2025-06-11T17:48:06","guid":{"rendered":"https:\/\/www.mylens.es\/?post_type=product&#038;p=3817"},"modified":"2026-02-16T18:31:35","modified_gmt":"2026-02-16T18:31:35","slug":"ted-baker-oph-tmuf003","status":"publish","type":"product","link":"https:\/\/www.mylens.es\/sq\/produkt\/ted-baker-oph-tmuf003\/","title":{"rendered":"Ted Baker \u2013 Urban Slate"},"content":{"rendered":"<p>Gjinia: Mashkull<br \/>\nMosha: I rritur<\/p>\n<p>Grupi i Produkteve: Plastik\u00eb<br \/>\nMateriali: Plastik\u00eb<br \/>\nUra: Universale<br \/>\nTempulli: Kafka<br \/>\nHinge: Spring Hinge<br \/>\nForm\u00eb: Drejtk\u00ebnd\u00ebsh<br \/>\nRrip: Rrip i plot\u00eb<\/p>\n<p>Kutia: Kutia \u00ebsht\u00eb e p\u00ebrfshir\u00eb.<br \/>\nVendi: Kin\u00eb<br \/>\nPrezantuar: Maj 2021<\/p>","protected":false},"excerpt":{"rendered":"<table>\n<tbody>\n<tr>\n<td>Madh\u00ebsia e syve<\/td>\n<td>Nj\u00eb<\/td>\n<td>B<\/td>\n<td>DBL<\/td>\n<td>ED<\/td>\n<td>Tempull<\/td>\n<td>Ur\u00eb<\/td>\n<td>Rreth<\/td>\n<\/tr>\n<tr>\n<td>54<\/td>\n<td>54<\/td>\n<td>37.40<\/td>\n<td>17.00<\/td>\n<td>57.70<\/td>\n<td>145<\/td>\n<td>17<\/td>\n<td>153.9<\/td>\n<\/tr>\n<\/tbody>\n<\/table>","protected":false},"featured_media":21672,"comment_status":"open","ping_status":"closed","template":"","meta":[],"product_brand":[137],"product_cat":[1920,1917],"product_tag":[567],"class_list":{"0":"post-3817","1":"product","2":"type-product","3":"status-publish","4":"has-post-thumbnail","6":"product_brand-ted-baker-oph","7":"product_cat-male-eye-glasses","8":"product_cat-male","9":"product_tag-eyeglasses","11":"first","12":"instock","13":"shipping-taxable","14":"purchasable","15":"product-type-variable","16":"has-default-attributes"},"aioseo_notices":[],"_links":{"self":[{"href":"https:\/\/www.mylens.es\/sq\/wp-json\/wp\/v2\/product\/3817","targetHints":{"allow":["GET"]}}],"collection":[{"href":"https:\/\/www.mylens.es\/sq\/wp-json\/wp\/v2\/product"}],"about":[{"href":"https:\/\/www.mylens.es\/sq\/wp-json\/wp\/v2\/types\/product"}],"replies":[{"embeddable":true,"href":"https:\/\/www.mylens.es\/sq\/wp-json\/wp\/v2\/comments?post=3817"}],"wp:featuredmedia":[{"embeddable":true,"href":"https:\/\/www.mylens.es\/sq\/wp-json\/wp\/v2\/media\/21672"}],"wp:attachment":[{"href":"https:\/\/www.mylens.es\/sq\/wp-json\/wp\/v2\/media?parent=3817"}],"wp:term":[{"taxonomy":"product_brand","embeddable":true,"href":"https:\/\/www.mylens.es\/sq\/wp-json\/wp\/v2\/product_brand?post=3817"},{"taxonomy":"product_cat","embeddable":true,"href":"https:\/\/www.mylens.es\/sq\/wp-json\/wp\/v2\/product_cat?post=3817"},{"taxonomy":"product_tag","embeddable":true,"href":"https:\/\/www.mylens.es\/sq\/wp-json\/wp\/v2\/product_tag?post=3817"}],"curies":[{"name":"wp","href":"https:\/\/api.w.org\/{rel}","templated":true}]}}