{"id":3810,"date":"2025-06-11T17:27:13","date_gmt":"2025-06-11T17:27:13","guid":{"rendered":"https:\/\/www.mylens.es\/?post_type=product&#038;p=3810"},"modified":"2026-02-16T18:23:29","modified_gmt":"2026-02-16T18:23:29","slug":"ted-baker-oph-txl502","status":"publish","type":"product","link":"https:\/\/www.mylens.es\/sq\/produkt\/ted-baker-oph-txl502\/","title":{"rendered":"Ted Baker \u2013 Graphite Executive"},"content":{"rendered":"<p>Gjinia: Mashkull<br \/>\nMosha: I rritur<\/p>\n<p>Grupi i Produkteve: Metal<br \/>\nMateriali: Metal<br \/>\nUra: Mbush\u00ebse hunde t\u00eb rregullueshme<br \/>\nTempulli: Kafka<br \/>\nHinge: Spring Hinge<br \/>\nForm\u00eb: Drejtk\u00ebnd\u00ebsh<br \/>\nRrip: Rrip i plot\u00eb<\/p>\n<p>Kutia: Kutia \u00ebsht\u00eb e p\u00ebrfshir\u00eb.<br \/>\nVendi: Kin\u00eb<br \/>\nIntroduced: March 2020<\/p>","protected":false},"excerpt":{"rendered":"<table>\n<tbody>\n<tr>\n<td>Madh\u00ebsia e syve<\/td>\n<td>Nj\u00eb<\/td>\n<td>B<\/td>\n<td>DBL<\/td>\n<td>ED<\/td>\n<td>Tempull<\/td>\n<td>Ur\u00eb<\/td>\n<td>Rreth<\/td>\n<\/tr>\n<tr>\n<td>59<\/td>\n<td>59<\/td>\n<td>36.00<\/td>\n<td>19.00<\/td>\n<td>61.60<\/td>\n<td>150<\/td>\n<td>19<\/td>\n<td>160.6<\/td>\n<\/tr>\n<\/tbody>\n<\/table>","protected":false},"featured_media":19841,"comment_status":"open","ping_status":"closed","template":"","meta":[],"product_brand":[137],"product_cat":[1920,1917],"product_tag":[567],"class_list":{"0":"post-3810","1":"product","2":"type-product","3":"status-publish","4":"has-post-thumbnail","6":"product_brand-ted-baker-oph","7":"product_cat-male-eye-glasses","8":"product_cat-male","9":"product_tag-eyeglasses","11":"first","12":"instock","13":"shipping-taxable","14":"purchasable","15":"product-type-variable","16":"has-default-attributes"},"aioseo_notices":[],"_links":{"self":[{"href":"https:\/\/www.mylens.es\/sq\/wp-json\/wp\/v2\/product\/3810","targetHints":{"allow":["GET"]}}],"collection":[{"href":"https:\/\/www.mylens.es\/sq\/wp-json\/wp\/v2\/product"}],"about":[{"href":"https:\/\/www.mylens.es\/sq\/wp-json\/wp\/v2\/types\/product"}],"replies":[{"embeddable":true,"href":"https:\/\/www.mylens.es\/sq\/wp-json\/wp\/v2\/comments?post=3810"}],"wp:featuredmedia":[{"embeddable":true,"href":"https:\/\/www.mylens.es\/sq\/wp-json\/wp\/v2\/media\/19841"}],"wp:attachment":[{"href":"https:\/\/www.mylens.es\/sq\/wp-json\/wp\/v2\/media?parent=3810"}],"wp:term":[{"taxonomy":"product_brand","embeddable":true,"href":"https:\/\/www.mylens.es\/sq\/wp-json\/wp\/v2\/product_brand?post=3810"},{"taxonomy":"product_cat","embeddable":true,"href":"https:\/\/www.mylens.es\/sq\/wp-json\/wp\/v2\/product_cat?post=3810"},{"taxonomy":"product_tag","embeddable":true,"href":"https:\/\/www.mylens.es\/sq\/wp-json\/wp\/v2\/product_tag?post=3810"}],"curies":[{"name":"wp","href":"https:\/\/api.w.org\/{rel}","templated":true}]}}