{"id":3219,"date":"2025-05-06T08:04:38","date_gmt":"2025-05-06T08:04:38","guid":{"rendered":"https:\/\/www.mylens.es\/?post_type=product&#038;p=3219"},"modified":"2026-02-13T14:50:16","modified_gmt":"2026-02-13T14:50:16","slug":"ray-ban-0rx6335","status":"publish","type":"product","link":"https:\/\/www.mylens.es\/sq\/produkt\/ray-ban-0rx6335\/","title":{"rendered":"Ray-Ban \u2013 Executive Steel"},"content":{"rendered":"<p>Gender:<br \/>\nMosha: I rritur<\/p>\n<p>Grupi i Produkteve: Metal<br \/>\nMateriali: Metal<br \/>\nUra: Mbush\u00ebse hunde t\u00eb rregullueshme<br \/>\nTempulli: Kafka<br \/>\nForm\u00eb: Drejtk\u00ebnd\u00ebsh<\/p>\n<p>Vendi: Itali<br \/>\nIntroduced: March 2015<\/p>","protected":false},"excerpt":{"rendered":"<table>\n<tbody>\n<tr>\n<td>Madh\u00ebsia e syve<\/td>\n<td>Nj\u00eb<\/td>\n<td>B<\/td>\n<td>DBL<\/td>\n<td>ED<\/td>\n<td>Tempull<\/td>\n<td>Ur\u00eb<\/td>\n<td>Rreth<\/td>\n<\/tr>\n<tr>\n<td>54<\/td>\n<td>53.7<\/td>\n<td>35.9<\/td>\n<td>17.00<\/td>\n<td>58.6<\/td>\n<td>145<\/td>\n<td>17<\/td>\n<td>152.0<\/td>\n<\/tr>\n<tr>\n<td>56<\/td>\n<td>55.7<\/td>\n<td>37.2<\/td>\n<td>17.00<\/td>\n<td>60.8<\/td>\n<td>145<\/td>\n<td>17<\/td>\n<td>158.2<\/td>\n<\/tr>\n<tr>\n<td>58<\/td>\n<td>58<\/td>\n<td>38.5<\/td>\n<td>17.00<\/td>\n<td>63.2<\/td>\n<td>150<\/td>\n<td>17<\/td>\n<td>164.5<\/td>\n<\/tr>\n<\/tbody>\n<\/table>","protected":false},"featured_media":19927,"comment_status":"open","ping_status":"closed","template":"","meta":[],"product_brand":[180],"product_cat":[1920,1917],"product_tag":[567],"class_list":{"0":"post-3219","1":"product","2":"type-product","3":"status-publish","4":"has-post-thumbnail","6":"product_brand-ray-ban","7":"product_cat-male-eye-glasses","8":"product_cat-male","9":"product_tag-eyeglasses","11":"first","12":"instock","13":"shipping-taxable","14":"purchasable","15":"product-type-variable","16":"has-default-attributes"},"aioseo_notices":[],"_links":{"self":[{"href":"https:\/\/www.mylens.es\/sq\/wp-json\/wp\/v2\/product\/3219","targetHints":{"allow":["GET"]}}],"collection":[{"href":"https:\/\/www.mylens.es\/sq\/wp-json\/wp\/v2\/product"}],"about":[{"href":"https:\/\/www.mylens.es\/sq\/wp-json\/wp\/v2\/types\/product"}],"replies":[{"embeddable":true,"href":"https:\/\/www.mylens.es\/sq\/wp-json\/wp\/v2\/comments?post=3219"}],"wp:featuredmedia":[{"embeddable":true,"href":"https:\/\/www.mylens.es\/sq\/wp-json\/wp\/v2\/media\/19927"}],"wp:attachment":[{"href":"https:\/\/www.mylens.es\/sq\/wp-json\/wp\/v2\/media?parent=3219"}],"wp:term":[{"taxonomy":"product_brand","embeddable":true,"href":"https:\/\/www.mylens.es\/sq\/wp-json\/wp\/v2\/product_brand?post=3219"},{"taxonomy":"product_cat","embeddable":true,"href":"https:\/\/www.mylens.es\/sq\/wp-json\/wp\/v2\/product_cat?post=3219"},{"taxonomy":"product_tag","embeddable":true,"href":"https:\/\/www.mylens.es\/sq\/wp-json\/wp\/v2\/product_tag?post=3219"}],"curies":[{"name":"wp","href":"https:\/\/api.w.org\/{rel}","templated":true}]}}