{"id":3117,"date":"2025-05-05T16:57:47","date_gmt":"2025-05-05T16:57:47","guid":{"rendered":"https:\/\/www.mylens.es\/?post_type=product&#038;p=3117"},"modified":"2026-02-13T14:48:21","modified_gmt":"2026-02-13T14:48:21","slug":"ray-ban-0rb2027-predator-2","status":"publish","type":"product","link":"https:\/\/www.mylens.es\/sq\/produkt\/ray-ban-0rb2027-predator-2\/","title":{"rendered":"Ray-Ban \u2013 Urban Predator"},"content":{"rendered":"<p>Gender:<br \/>\nMosha: I rritur<\/p>\n<p>Product Group:<br \/>\nMaterial: Nylon<br \/>\nUra: Universale<br \/>\nTempulli: Kafka<br \/>\nMentesha: Mentesha e rregullt<br \/>\nShape: Oval<br \/>\nRrip: Rrip i plot\u00eb<br \/>\nLens: <\/p>\n<p>Kutia: Kutia \u00ebsht\u00eb e p\u00ebrfshir\u00eb.<br \/>\nVendi: Itali<br \/>\nIntroduced: April 2002<\/p>","protected":false},"excerpt":{"rendered":"<table>\n<tbody>\n<tr>\n<td>Madh\u00ebsia e syve<\/td>\n<td>Nj\u00eb<\/td>\n<td>B<\/td>\n<td>DBL<\/td>\n<td>ED<\/td>\n<td>Tempull<\/td>\n<td>Ur\u00eb<\/td>\n<td>Rreth<\/td>\n<\/tr>\n<tr>\n<td>62<\/td>\n<td>62.2<\/td>\n<td>38.2<\/td>\n<td>19.00<\/td>\n<td>64.9<\/td>\n<td>130<\/td>\n<td>19<\/td>\n<td><\/td>\n<\/tr>\n<\/tbody>\n<\/table>","protected":false},"featured_media":19978,"comment_status":"open","ping_status":"closed","template":"","meta":[],"product_brand":[180],"product_cat":[1917,1919],"product_tag":[566],"class_list":{"0":"post-3117","1":"product","2":"type-product","3":"status-publish","4":"has-post-thumbnail","6":"product_brand-ray-ban","7":"product_cat-male","8":"product_cat-male-sunglasses","9":"product_tag-sunglasses","11":"first","12":"instock","13":"shipping-taxable","14":"purchasable","15":"product-type-variable"},"aioseo_notices":[],"_links":{"self":[{"href":"https:\/\/www.mylens.es\/sq\/wp-json\/wp\/v2\/product\/3117","targetHints":{"allow":["GET"]}}],"collection":[{"href":"https:\/\/www.mylens.es\/sq\/wp-json\/wp\/v2\/product"}],"about":[{"href":"https:\/\/www.mylens.es\/sq\/wp-json\/wp\/v2\/types\/product"}],"replies":[{"embeddable":true,"href":"https:\/\/www.mylens.es\/sq\/wp-json\/wp\/v2\/comments?post=3117"}],"wp:featuredmedia":[{"embeddable":true,"href":"https:\/\/www.mylens.es\/sq\/wp-json\/wp\/v2\/media\/19978"}],"wp:attachment":[{"href":"https:\/\/www.mylens.es\/sq\/wp-json\/wp\/v2\/media?parent=3117"}],"wp:term":[{"taxonomy":"product_brand","embeddable":true,"href":"https:\/\/www.mylens.es\/sq\/wp-json\/wp\/v2\/product_brand?post=3117"},{"taxonomy":"product_cat","embeddable":true,"href":"https:\/\/www.mylens.es\/sq\/wp-json\/wp\/v2\/product_cat?post=3117"},{"taxonomy":"product_tag","embeddable":true,"href":"https:\/\/www.mylens.es\/sq\/wp-json\/wp\/v2\/product_tag?post=3117"}],"curies":[{"name":"wp","href":"https:\/\/api.w.org\/{rel}","templated":true}]}}