{"id":2680,"date":"2025-04-18T18:10:09","date_gmt":"2025-04-18T18:10:09","guid":{"rendered":"https:\/\/www.mylens.es\/?post_type=product&#038;p=2680"},"modified":"2026-02-16T00:01:07","modified_gmt":"2026-02-16T00:01:07","slug":"kate-spade-oph-lucyann","status":"publish","type":"product","link":"https:\/\/www.mylens.es\/sq\/product\/kate-spade-oph-lucyann\/","title":{"rendered":"Kate Spade &#8211; Lucyann Tort Aqua"},"content":{"rendered":"<p>Gjinia: Fem\u00ebr<br \/>\nMosha: I rritur<\/p>\n<p>Grupi i Produkteve: Kombinime<br \/>\nMateriali: Tjet\u00ebr<br \/>\nTempulli: Kafka<br \/>\nForm\u00eb: Drejtk\u00ebnd\u00ebsh<br \/>\nClip-: Other<br \/>\nRrip: Rrip i plot\u00eb<\/p>\n<p>Case: Case available. Country: China<br \/>\nIntroduced: January 2020.  <\/p>","protected":false},"excerpt":{"rendered":"<table>\n<tbody>\n<tr>\n<td>Madh\u00ebsia e syve<\/td>\n<td>Nj\u00eb<\/td>\n<td>B<\/td>\n<td>DBL<\/td>\n<td>ED<\/td>\n<td>Tempull<\/td>\n<td>Ur\u00eb<\/td>\n<td>Rreth<\/td>\n<\/tr>\n<tr style=\"font-weight: bold\">\n<td>49<\/td>\n<td>49<\/td>\n<td>29.6<\/td>\n<td>16.00<\/td>\n<td>51.2<\/td>\n<td>135<\/td>\n<td>16<\/td>\n<td>134.6<\/td>\n<\/tr>\n<tr style=\"font-weight: bold\">\n<td>51<\/td>\n<td>51<\/td>\n<td>30.8<\/td>\n<td>16.00<\/td>\n<td>53.3<\/td>\n<td>135<\/td>\n<td>16<\/td>\n<td>140.8<\/td>\n<\/tr>\n<tr style=\"font-weight: bold\">\n<td>53<\/td>\n<td>53<\/td>\n<td>31.9<\/td>\n<td>16.00<\/td>\n<td>55.4<\/td>\n<td>135<\/td>\n<td>16<\/td>\n<td>147.1<\/td>\n<\/tr>\n<\/tbody>\n<\/table>","protected":false},"featured_media":19749,"comment_status":"open","ping_status":"closed","template":"","meta":[],"product_brand":[133],"product_cat":[1922],"product_tag":[1946,567],"class_list":{"0":"post-2680","1":"product","2":"type-product","3":"status-publish","4":"has-post-thumbnail","6":"product_brand-kate-spade-oph","7":"product_cat-female-eye-glasses","8":"product_tag-175-below","9":"product_tag-eyeglasses","11":"first","12":"instock","13":"shipping-taxable","14":"purchasable","15":"product-type-variable"},"aioseo_notices":[],"_links":{"self":[{"href":"https:\/\/www.mylens.es\/sq\/wp-json\/wp\/v2\/product\/2680","targetHints":{"allow":["GET"]}}],"collection":[{"href":"https:\/\/www.mylens.es\/sq\/wp-json\/wp\/v2\/product"}],"about":[{"href":"https:\/\/www.mylens.es\/sq\/wp-json\/wp\/v2\/types\/product"}],"replies":[{"embeddable":true,"href":"https:\/\/www.mylens.es\/sq\/wp-json\/wp\/v2\/comments?post=2680"}],"wp:featuredmedia":[{"embeddable":true,"href":"https:\/\/www.mylens.es\/sq\/wp-json\/wp\/v2\/media\/19749"}],"wp:attachment":[{"href":"https:\/\/www.mylens.es\/sq\/wp-json\/wp\/v2\/media?parent=2680"}],"wp:term":[{"taxonomy":"product_brand","embeddable":true,"href":"https:\/\/www.mylens.es\/sq\/wp-json\/wp\/v2\/product_brand?post=2680"},{"taxonomy":"product_cat","embeddable":true,"href":"https:\/\/www.mylens.es\/sq\/wp-json\/wp\/v2\/product_cat?post=2680"},{"taxonomy":"product_tag","embeddable":true,"href":"https:\/\/www.mylens.es\/sq\/wp-json\/wp\/v2\/product_tag?post=2680"}],"curies":[{"name":"wp","href":"https:\/\/api.w.org\/{rel}","templated":true}]}}