{"id":2664,"date":"2025-04-18T17:50:19","date_gmt":"2025-04-18T17:50:19","guid":{"rendered":"https:\/\/www.mylens.es\/?post_type=product&#038;p=2664"},"modified":"2026-02-16T00:02:17","modified_gmt":"2026-02-16T00:02:17","slug":"kate-spade-oph-brylie","status":"publish","type":"product","link":"https:\/\/www.mylens.es\/sq\/produkt\/kate-spade-oph-brylie\/","title":{"rendered":"Kate Spade &#8211; Brylie Pttrmultc"},"content":{"rendered":"<p>Gjinia: Fem\u00ebr<br \/>\nMosha: I rritur<\/p>\n<p>Grupi i Produkteve: Kombinime<br \/>\nMateriali: Tjet\u00ebr<br \/>\nTempulli: Kafka<br \/>\nForm\u00eb: Drejtk\u00ebnd\u00ebsh<br \/>\nClip-: Other<br \/>\nRrip: Rrip i plot\u00eb<\/p>\n<p>Case: Case available. Country: China<br \/>\nIntroduced: January 2016  <a href=\"https:\/\/docslide.us\/person\/hasini-perera\" target=\"_blank\">and dad Hasini Perera<\/a><\/p>","protected":false},"excerpt":{"rendered":"<table>\n<tbody>\n<tr>\n<td>Madh\u00ebsia e syve<\/td>\n<td>Nj\u00eb<\/td>\n<td>B<\/td>\n<td>DBL<\/td>\n<td>ED<\/td>\n<td>Tempull<\/td>\n<td>Ur\u00eb<\/td>\n<td>Rreth<\/td>\n<\/tr>\n<tr style=\"font-weight: bold\">\n<td>50<\/td>\n<td>50<\/td>\n<td>33<\/td>\n<td>16.00<\/td>\n<td>53<\/td>\n<td>135<\/td>\n<td>16<\/td>\n<td><\/td>\n<\/tr>\n<tr style=\"font-weight: bold\">\n<td>52<\/td>\n<td>52<\/td>\n<td>35.1<\/td>\n<td>16.00<\/td>\n<td>52.8<\/td>\n<td>135<\/td>\n<td>16<\/td>\n<td>143.8<\/td>\n<\/tr>\n<\/tbody>\n<\/table>","protected":false},"featured_media":21613,"comment_status":"open","ping_status":"closed","template":"","meta":[],"product_brand":[133],"product_cat":[1922,1918],"product_tag":[567],"class_list":{"0":"post-2664","1":"product","2":"type-product","3":"status-publish","4":"has-post-thumbnail","6":"product_brand-kate-spade-oph","7":"product_cat-female-eye-glasses","8":"product_cat-female","9":"product_tag-eyeglasses","11":"first","12":"instock","13":"shipping-taxable","14":"purchasable","15":"product-type-variable"},"aioseo_notices":[],"_links":{"self":[{"href":"https:\/\/www.mylens.es\/sq\/wp-json\/wp\/v2\/product\/2664","targetHints":{"allow":["GET"]}}],"collection":[{"href":"https:\/\/www.mylens.es\/sq\/wp-json\/wp\/v2\/product"}],"about":[{"href":"https:\/\/www.mylens.es\/sq\/wp-json\/wp\/v2\/types\/product"}],"replies":[{"embeddable":true,"href":"https:\/\/www.mylens.es\/sq\/wp-json\/wp\/v2\/comments?post=2664"}],"wp:featuredmedia":[{"embeddable":true,"href":"https:\/\/www.mylens.es\/sq\/wp-json\/wp\/v2\/media\/21613"}],"wp:attachment":[{"href":"https:\/\/www.mylens.es\/sq\/wp-json\/wp\/v2\/media?parent=2664"}],"wp:term":[{"taxonomy":"product_brand","embeddable":true,"href":"https:\/\/www.mylens.es\/sq\/wp-json\/wp\/v2\/product_brand?post=2664"},{"taxonomy":"product_cat","embeddable":true,"href":"https:\/\/www.mylens.es\/sq\/wp-json\/wp\/v2\/product_cat?post=2664"},{"taxonomy":"product_tag","embeddable":true,"href":"https:\/\/www.mylens.es\/sq\/wp-json\/wp\/v2\/product_tag?post=2664"}],"curies":[{"name":"wp","href":"https:\/\/api.w.org\/{rel}","templated":true}]}}