{"id":2626,"date":"2025-04-18T15:40:58","date_gmt":"2025-04-18T15:40:58","guid":{"rendered":"https:\/\/www.mylens.es\/?post_type=product&#038;p=2626"},"modified":"2026-02-13T14:38:27","modified_gmt":"2026-02-13T14:38:27","slug":"0ea4189u-matte-blue","status":"publish","type":"product","link":"https:\/\/www.mylens.es\/sq\/produkt\/0ea4189u-matte-blue\/","title":{"rendered":"Armani \u2013 Roma Verde"},"content":{"rendered":"<p>Gjinia: Mashkull<br \/>\nMosha: I rritur<\/p>\n<p>Product Group:<br \/>\nMaterial: Nylon<br \/>\nUra: Universale<br \/>\nTempulli: Kafka<br \/>\nForm\u00eb: Drejtk\u00ebnd\u00ebsh<br \/>\nRrip: Rrip i plot\u00eb<\/p>\n<p>Vendi: Itali<br \/>\nIntroduced: July 2022<\/p>","protected":false},"excerpt":{"rendered":"<table>\n<tbody>\n<tr>\n<td>Madh\u00ebsia e syve<\/td>\n<td>Nj\u00eb<\/td>\n<td>B<\/td>\n<td>DBL<\/td>\n<td>ED<\/td>\n<td>Tempull<\/td>\n<td>Ur\u00eb<\/td>\n<td>Rreth<\/td>\n<\/tr>\n<tr style=\"font-weight: bold;\">\n<td>55<\/td>\n<td>55<\/td>\n<td>38.6<\/td>\n<td>17.00<\/td>\n<td>61.9<\/td>\n<td>145<\/td>\n<td>17<\/td>\n<td><\/td>\n<\/tr>\n<\/tbody>\n<\/table>","protected":false},"featured_media":21267,"comment_status":"open","ping_status":"closed","template":"","meta":[],"product_brand":[132],"product_cat":[1920,1917],"product_tag":[566],"class_list":{"0":"post-2626","1":"product","2":"type-product","3":"status-publish","4":"has-post-thumbnail","6":"product_brand-emporio-armani-sun","7":"product_cat-male-eye-glasses","8":"product_cat-male","9":"product_tag-sunglasses","11":"first","12":"instock","13":"shipping-taxable","14":"purchasable","15":"product-type-variable","16":"has-default-attributes"},"aioseo_notices":[],"_links":{"self":[{"href":"https:\/\/www.mylens.es\/sq\/wp-json\/wp\/v2\/product\/2626","targetHints":{"allow":["GET"]}}],"collection":[{"href":"https:\/\/www.mylens.es\/sq\/wp-json\/wp\/v2\/product"}],"about":[{"href":"https:\/\/www.mylens.es\/sq\/wp-json\/wp\/v2\/types\/product"}],"replies":[{"embeddable":true,"href":"https:\/\/www.mylens.es\/sq\/wp-json\/wp\/v2\/comments?post=2626"}],"wp:featuredmedia":[{"embeddable":true,"href":"https:\/\/www.mylens.es\/sq\/wp-json\/wp\/v2\/media\/21267"}],"wp:attachment":[{"href":"https:\/\/www.mylens.es\/sq\/wp-json\/wp\/v2\/media?parent=2626"}],"wp:term":[{"taxonomy":"product_brand","embeddable":true,"href":"https:\/\/www.mylens.es\/sq\/wp-json\/wp\/v2\/product_brand?post=2626"},{"taxonomy":"product_cat","embeddable":true,"href":"https:\/\/www.mylens.es\/sq\/wp-json\/wp\/v2\/product_cat?post=2626"},{"taxonomy":"product_tag","embeddable":true,"href":"https:\/\/www.mylens.es\/sq\/wp-json\/wp\/v2\/product_tag?post=2626"}],"curies":[{"name":"wp","href":"https:\/\/api.w.org\/{rel}","templated":true}]}}