{"id":1989,"date":"2025-03-19T07:14:41","date_gmt":"2025-03-19T07:14:41","guid":{"rendered":"https:\/\/www.mylens.es\/?post_type=product&#038;p=1989"},"modified":"2026-02-13T18:07:07","modified_gmt":"2026-02-13T18:07:07","slug":"burberry-oph-0be2392","status":"publish","type":"product","link":"https:\/\/www.mylens.es\/sq\/product\/burberry-oph-0be2392\/","title":{"rendered":"Burberry &#8211; Bayswater Bordeaux"},"content":{"rendered":"<p>Frame Material:Acetate<br \/>\nFrame shape:Cat Eye<br \/>\nFrame color:Bordeaux<br \/>\nFrame size:54 &#8211; 16<\/p>","protected":false},"excerpt":{"rendered":"<p>Ngritni standardet tuaja t\u00eb mod\u00ebs dhe optik\u00ebs me syzet Burberry BE2392. T\u00eb punuara nga acetat i q\u00ebndruesh\u00ebm, k\u00ebto korniza n\u00eb form\u00eb syri maceje jan\u00eb t\u00eb l\u00ebmuara deri n\u00eb nj\u00eb p\u00ebrfundim t\u00eb shndritsh\u00ebm, duke krijuar nj\u00eb pamje t\u00eb sofistikuar. Ngjyra e korniz\u00ebs n\u00eb ngjyr\u00eb bordo i shton nj\u00eb prekje elegance \u00e7do veshjeje, duke i b\u00ebr\u00eb k\u00ebto syze nj\u00eb zgjedhje t\u00eb gjithanshme p\u00ebr p\u00ebrdorim t\u00eb p\u00ebrditsh\u00ebm. P\u00ebrqafoni bukurin\u00eb e p\u00ebrjetshme t\u00eb Burberry me k\u00ebto syze elegante.<\/p>","protected":false},"featured_media":19939,"comment_status":"open","ping_status":"closed","template":"","meta":[],"product_brand":[119],"product_cat":[1922,1918],"product_tag":[567],"class_list":{"0":"post-1989","1":"product","2":"type-product","3":"status-publish","4":"has-post-thumbnail","6":"product_brand-burberry-oph","7":"product_cat-female-eye-glasses","8":"product_cat-female","9":"product_tag-eyeglasses","11":"first","12":"instock","13":"shipping-taxable","14":"purchasable","15":"product-type-variable"},"aioseo_notices":[],"_links":{"self":[{"href":"https:\/\/www.mylens.es\/sq\/wp-json\/wp\/v2\/product\/1989","targetHints":{"allow":["GET"]}}],"collection":[{"href":"https:\/\/www.mylens.es\/sq\/wp-json\/wp\/v2\/product"}],"about":[{"href":"https:\/\/www.mylens.es\/sq\/wp-json\/wp\/v2\/types\/product"}],"replies":[{"embeddable":true,"href":"https:\/\/www.mylens.es\/sq\/wp-json\/wp\/v2\/comments?post=1989"}],"wp:featuredmedia":[{"embeddable":true,"href":"https:\/\/www.mylens.es\/sq\/wp-json\/wp\/v2\/media\/19939"}],"wp:attachment":[{"href":"https:\/\/www.mylens.es\/sq\/wp-json\/wp\/v2\/media?parent=1989"}],"wp:term":[{"taxonomy":"product_brand","embeddable":true,"href":"https:\/\/www.mylens.es\/sq\/wp-json\/wp\/v2\/product_brand?post=1989"},{"taxonomy":"product_cat","embeddable":true,"href":"https:\/\/www.mylens.es\/sq\/wp-json\/wp\/v2\/product_cat?post=1989"},{"taxonomy":"product_tag","embeddable":true,"href":"https:\/\/www.mylens.es\/sq\/wp-json\/wp\/v2\/product_tag?post=1989"}],"curies":[{"name":"wp","href":"https:\/\/api.w.org\/{rel}","templated":true}]}}