{"id":17056,"date":"2025-09-26T16:19:07","date_gmt":"2025-09-26T16:19:07","guid":{"rendered":"https:\/\/www.mylens.es\/?post_type=product&#038;p=17056"},"modified":"2026-02-16T18:01:19","modified_gmt":"2026-02-16T18:01:19","slug":"calvin-klein-ck21124","status":"publish","type":"product","link":"https:\/\/www.mylens.es\/sq\/produkt\/calvin-klein-ck21124\/","title":{"rendered":"Calvin Klein &#8211; Minimal Azure"},"content":{"rendered":"<p>Product Group: Prescription<br \/>\nForm\u00eb: Drejtk\u00ebnd\u00ebsh<br \/>\nMateriali: Metal<br \/>\nRrip: Rrip i plot\u00eb<br \/>\nTempulli: Drejt<br \/>\nUra: Mbush\u00ebse hunde t\u00eb rregullueshme<br \/>\nGjinia: Fem\u00ebr<br \/>\nAge Group: Adult<br \/>\nCategory: Women<br \/>\nManufacturer&#8217;s Warranty: 2-year warranty<\/p>","protected":false},"excerpt":{"rendered":"<p>Size: 51-18-140<\/p>","protected":false},"featured_media":20143,"comment_status":"open","ping_status":"closed","template":"","meta":[],"product_brand":[303],"product_cat":[1922,1918],"product_tag":[567],"class_list":{"0":"post-17056","1":"product","2":"type-product","3":"status-publish","4":"has-post-thumbnail","6":"product_brand-calvin-klein","7":"product_cat-female-eye-glasses","8":"product_cat-female","9":"product_tag-eyeglasses","11":"first","12":"instock","13":"shipping-taxable","14":"purchasable","15":"product-type-variable"},"aioseo_notices":[],"_links":{"self":[{"href":"https:\/\/www.mylens.es\/sq\/wp-json\/wp\/v2\/product\/17056","targetHints":{"allow":["GET"]}}],"collection":[{"href":"https:\/\/www.mylens.es\/sq\/wp-json\/wp\/v2\/product"}],"about":[{"href":"https:\/\/www.mylens.es\/sq\/wp-json\/wp\/v2\/types\/product"}],"replies":[{"embeddable":true,"href":"https:\/\/www.mylens.es\/sq\/wp-json\/wp\/v2\/comments?post=17056"}],"wp:featuredmedia":[{"embeddable":true,"href":"https:\/\/www.mylens.es\/sq\/wp-json\/wp\/v2\/media\/20143"}],"wp:attachment":[{"href":"https:\/\/www.mylens.es\/sq\/wp-json\/wp\/v2\/media?parent=17056"}],"wp:term":[{"taxonomy":"product_brand","embeddable":true,"href":"https:\/\/www.mylens.es\/sq\/wp-json\/wp\/v2\/product_brand?post=17056"},{"taxonomy":"product_cat","embeddable":true,"href":"https:\/\/www.mylens.es\/sq\/wp-json\/wp\/v2\/product_cat?post=17056"},{"taxonomy":"product_tag","embeddable":true,"href":"https:\/\/www.mylens.es\/sq\/wp-json\/wp\/v2\/product_tag?post=17056"}],"curies":[{"name":"wp","href":"https:\/\/api.w.org\/{rel}","templated":true}]}}