{"id":16985,"date":"2025-09-25T18:23:20","date_gmt":"2025-09-25T18:23:20","guid":{"rendered":"https:\/\/www.mylens.es\/?post_type=product&#038;p=16985"},"modified":"2026-02-16T14:19:22","modified_gmt":"2026-02-16T14:19:22","slug":"michael-kors-mk2165","status":"publish","type":"product","link":"https:\/\/www.mylens.es\/sq\/produkt\/michael-kors-mk2165\/","title":{"rendered":"Michael Kors &#8211; Runway Edge Noir"},"content":{"rendered":"<p>Type:<br \/>\nGjinia: Gra<br \/>\nBrand: Michael Kors<br \/>\nModel: MK2165 &#8211; Corfu<br \/>\nForma e korniz\u00ebs: Drejtk\u00ebnd\u00ebshe<br \/>\nFrame Material: Acetate<br \/>\nFrame Type: Full Rim<br \/>\nGarancia e Prodhuesit<br \/>\nfor Frame: 2 years<\/p>","protected":false},"excerpt":{"rendered":"<table id=\"sizetable\" class=\"tablesorter tablesorter-default tablesorter91598c34083b48\" role=\"grid\" border=\"0\">\n<tbody aria-live=\"polite\" aria-relevant=\"all\">\n<tr class=\"box-select active-size\" role=\"row\">\n<td>56<\/td>\n<td class=\"dash\">17<\/td>\n<td class=\"dash\">140<\/td>\n<td class=\"b-measure\">B 38.5<\/td>\n<\/tr>\n<\/tbody>\n<\/table>","protected":false},"featured_media":20360,"comment_status":"open","ping_status":"closed","template":"","meta":[],"product_brand":[136],"product_cat":[1918,1921],"product_tag":[566],"class_list":{"0":"post-16985","1":"product","2":"type-product","3":"status-publish","4":"has-post-thumbnail","6":"product_brand-micheal-kors-sun","7":"product_cat-female","8":"product_cat-female-sunglasses","9":"product_tag-sunglasses","11":"first","12":"instock","13":"shipping-taxable","14":"purchasable","15":"product-type-variable"},"aioseo_notices":[],"_links":{"self":[{"href":"https:\/\/www.mylens.es\/sq\/wp-json\/wp\/v2\/product\/16985","targetHints":{"allow":["GET"]}}],"collection":[{"href":"https:\/\/www.mylens.es\/sq\/wp-json\/wp\/v2\/product"}],"about":[{"href":"https:\/\/www.mylens.es\/sq\/wp-json\/wp\/v2\/types\/product"}],"replies":[{"embeddable":true,"href":"https:\/\/www.mylens.es\/sq\/wp-json\/wp\/v2\/comments?post=16985"}],"wp:featuredmedia":[{"embeddable":true,"href":"https:\/\/www.mylens.es\/sq\/wp-json\/wp\/v2\/media\/20360"}],"wp:attachment":[{"href":"https:\/\/www.mylens.es\/sq\/wp-json\/wp\/v2\/media?parent=16985"}],"wp:term":[{"taxonomy":"product_brand","embeddable":true,"href":"https:\/\/www.mylens.es\/sq\/wp-json\/wp\/v2\/product_brand?post=16985"},{"taxonomy":"product_cat","embeddable":true,"href":"https:\/\/www.mylens.es\/sq\/wp-json\/wp\/v2\/product_cat?post=16985"},{"taxonomy":"product_tag","embeddable":true,"href":"https:\/\/www.mylens.es\/sq\/wp-json\/wp\/v2\/product_tag?post=16985"}],"curies":[{"name":"wp","href":"https:\/\/api.w.org\/{rel}","templated":true}]}}