{"id":16960,"date":"2025-09-25T16:36:21","date_gmt":"2025-09-25T16:36:21","guid":{"rendered":"https:\/\/www.mylens.es\/?post_type=product&#038;p=16960"},"modified":"2026-02-16T14:15:03","modified_gmt":"2026-02-16T14:15:03","slug":"emporio-armani-ea3206","status":"publish","type":"product","link":"https:\/\/www.mylens.es\/sq\/produkt\/emporio-armani-ea3206\/","title":{"rendered":"Emporio Armani &#8211; Urban Elegance"},"content":{"rendered":"<p>Type: Prescription<br \/>\nGender: Men<br \/>\nBrand: Emporio Armani<br \/>\nModel: EA3206<br \/>\nForma e korniz\u00ebs: Drejtk\u00ebnd\u00ebshe<br \/>\nFrame Material: Acetate<br \/>\nLloji i Korniz\u00ebs: Rim i plot\u00eb, i p\u00ebrshtatsh\u00ebm p\u00ebr progresivitet<\/p>","protected":false},"excerpt":{"rendered":"<table id=\"sizetable\" class=\"tablesorter tablesorter-default tablesorterf5c2d90ee66318\" role=\"grid\" border=\"0\">\n<tbody aria-live=\"polite\" aria-relevant=\"all\">\n<tr class=\"box-select active-size\" role=\"row\">\n<td>54<\/td>\n<td class=\"dash\">18<\/td>\n<td class=\"dash\">145<\/td>\n<td class=\"b-measure\">B 37<\/td>\n<\/tr>\n<\/tbody>\n<\/table>","protected":false},"featured_media":20757,"comment_status":"open","ping_status":"closed","template":"","meta":[],"product_brand":[131],"product_cat":[1920,1917],"product_tag":[567],"class_list":{"0":"post-16960","1":"product","2":"type-product","3":"status-publish","4":"has-post-thumbnail","6":"product_brand-emporio-armani-oph","7":"product_cat-male-eye-glasses","8":"product_cat-male","9":"product_tag-eyeglasses","11":"first","12":"instock","13":"shipping-taxable","14":"purchasable","15":"product-type-variable"},"aioseo_notices":[],"_links":{"self":[{"href":"https:\/\/www.mylens.es\/sq\/wp-json\/wp\/v2\/product\/16960","targetHints":{"allow":["GET"]}}],"collection":[{"href":"https:\/\/www.mylens.es\/sq\/wp-json\/wp\/v2\/product"}],"about":[{"href":"https:\/\/www.mylens.es\/sq\/wp-json\/wp\/v2\/types\/product"}],"replies":[{"embeddable":true,"href":"https:\/\/www.mylens.es\/sq\/wp-json\/wp\/v2\/comments?post=16960"}],"wp:featuredmedia":[{"embeddable":true,"href":"https:\/\/www.mylens.es\/sq\/wp-json\/wp\/v2\/media\/20757"}],"wp:attachment":[{"href":"https:\/\/www.mylens.es\/sq\/wp-json\/wp\/v2\/media?parent=16960"}],"wp:term":[{"taxonomy":"product_brand","embeddable":true,"href":"https:\/\/www.mylens.es\/sq\/wp-json\/wp\/v2\/product_brand?post=16960"},{"taxonomy":"product_cat","embeddable":true,"href":"https:\/\/www.mylens.es\/sq\/wp-json\/wp\/v2\/product_cat?post=16960"},{"taxonomy":"product_tag","embeddable":true,"href":"https:\/\/www.mylens.es\/sq\/wp-json\/wp\/v2\/product_tag?post=16960"}],"curies":[{"name":"wp","href":"https:\/\/api.w.org\/{rel}","templated":true}]}}