{"id":16273,"date":"2025-09-10T15:11:09","date_gmt":"2025-09-10T15:11:09","guid":{"rendered":"https:\/\/www.mylens.es\/?post_type=product&#038;p=16273"},"modified":"2026-02-13T21:09:12","modified_gmt":"2026-02-13T21:09:12","slug":"titan-flex-827088","status":"publish","type":"product","link":"https:\/\/www.mylens.es\/sq\/produkt\/titan-flex-827088\/","title":{"rendered":"Titan Flex &#8211; Slate\/Dark Gun"},"content":{"rendered":"<p>Model: 827088<br \/>\nForm\u00eb: Drejtk\u00ebnd\u00ebsh<br \/>\nGjinia: Mashkull<br \/>\nBridge Type: Single Bridge<br \/>\nRim Type: Full Rim<br \/>\nAge Group: Adult<br \/>\nColor Code: 70<br \/>\nColor Description: Slate\/Dark Gun<\/p>","protected":false},"excerpt":{"rendered":"<p>53-18-145<\/p>","protected":false},"featured_media":19766,"comment_status":"open","ping_status":"closed","template":"","meta":[],"product_brand":[139],"product_cat":[1920,1917],"product_tag":[567],"class_list":{"0":"post-16273","1":"product","2":"type-product","3":"status-publish","4":"has-post-thumbnail","6":"product_brand-titanflex-oph","7":"product_cat-male-eye-glasses","8":"product_cat-male","9":"product_tag-eyeglasses","11":"first","12":"instock","13":"shipping-taxable","14":"purchasable","15":"product-type-variable"},"aioseo_notices":[],"_links":{"self":[{"href":"https:\/\/www.mylens.es\/sq\/wp-json\/wp\/v2\/product\/16273","targetHints":{"allow":["GET"]}}],"collection":[{"href":"https:\/\/www.mylens.es\/sq\/wp-json\/wp\/v2\/product"}],"about":[{"href":"https:\/\/www.mylens.es\/sq\/wp-json\/wp\/v2\/types\/product"}],"replies":[{"embeddable":true,"href":"https:\/\/www.mylens.es\/sq\/wp-json\/wp\/v2\/comments?post=16273"}],"wp:featuredmedia":[{"embeddable":true,"href":"https:\/\/www.mylens.es\/sq\/wp-json\/wp\/v2\/media\/19766"}],"wp:attachment":[{"href":"https:\/\/www.mylens.es\/sq\/wp-json\/wp\/v2\/media?parent=16273"}],"wp:term":[{"taxonomy":"product_brand","embeddable":true,"href":"https:\/\/www.mylens.es\/sq\/wp-json\/wp\/v2\/product_brand?post=16273"},{"taxonomy":"product_cat","embeddable":true,"href":"https:\/\/www.mylens.es\/sq\/wp-json\/wp\/v2\/product_cat?post=16273"},{"taxonomy":"product_tag","embeddable":true,"href":"https:\/\/www.mylens.es\/sq\/wp-json\/wp\/v2\/product_tag?post=16273"}],"curies":[{"name":"wp","href":"https:\/\/api.w.org\/{rel}","templated":true}]}}