{"id":16235,"date":"2025-09-10T13:30:13","date_gmt":"2025-09-10T13:30:13","guid":{"rendered":"https:\/\/www.mylens.es\/?post_type=product&#038;p=16235"},"modified":"2026-02-16T15:25:19","modified_gmt":"2026-02-16T15:25:19","slug":"titanflex-m1007","status":"publish","type":"product","link":"https:\/\/www.mylens.es\/sq\/produkt\/titanflex-m1007\/","title":{"rendered":"Titan Flex &#8211; Dark Gunmetal Prime"},"content":{"rendered":"<p>Model: M1007<br \/>\nForm\u00eb: Drejtk\u00ebnd\u00ebsh<br \/>\nGjinia: Mashkull<br \/>\nBridge Type: Single Bridge<br \/>\nRim Type: Full Rim<br \/>\nAge Group: Adult<br \/>\nColor Code: DGN<br \/>\nColor: Description<br \/>\nDark: Gunmetal<br \/>\nFrame Color: Gunmetal<\/p>","protected":false},"excerpt":{"rendered":"<p>52-17-140<\/p>\n<p>54-17-145<\/p>","protected":false},"featured_media":19767,"comment_status":"open","ping_status":"closed","template":"","meta":[],"product_brand":[139],"product_cat":[1920,1917],"product_tag":[567],"class_list":{"0":"post-16235","1":"product","2":"type-product","3":"status-publish","4":"has-post-thumbnail","6":"product_brand-titanflex-oph","7":"product_cat-male-eye-glasses","8":"product_cat-male","9":"product_tag-eyeglasses","11":"first","12":"instock","13":"shipping-taxable","14":"purchasable","15":"product-type-variable"},"aioseo_notices":[],"_links":{"self":[{"href":"https:\/\/www.mylens.es\/sq\/wp-json\/wp\/v2\/product\/16235","targetHints":{"allow":["GET"]}}],"collection":[{"href":"https:\/\/www.mylens.es\/sq\/wp-json\/wp\/v2\/product"}],"about":[{"href":"https:\/\/www.mylens.es\/sq\/wp-json\/wp\/v2\/types\/product"}],"replies":[{"embeddable":true,"href":"https:\/\/www.mylens.es\/sq\/wp-json\/wp\/v2\/comments?post=16235"}],"wp:featuredmedia":[{"embeddable":true,"href":"https:\/\/www.mylens.es\/sq\/wp-json\/wp\/v2\/media\/19767"}],"wp:attachment":[{"href":"https:\/\/www.mylens.es\/sq\/wp-json\/wp\/v2\/media?parent=16235"}],"wp:term":[{"taxonomy":"product_brand","embeddable":true,"href":"https:\/\/www.mylens.es\/sq\/wp-json\/wp\/v2\/product_brand?post=16235"},{"taxonomy":"product_cat","embeddable":true,"href":"https:\/\/www.mylens.es\/sq\/wp-json\/wp\/v2\/product_cat?post=16235"},{"taxonomy":"product_tag","embeddable":true,"href":"https:\/\/www.mylens.es\/sq\/wp-json\/wp\/v2\/product_tag?post=16235"}],"curies":[{"name":"wp","href":"https:\/\/api.w.org\/{rel}","templated":true}]}}