{"id":16212,"date":"2025-09-09T15:57:32","date_gmt":"2025-09-09T15:57:32","guid":{"rendered":"https:\/\/www.mylens.es\/?post_type=product&#038;p=16212"},"modified":"2026-02-16T17:46:18","modified_gmt":"2026-02-16T17:46:18","slug":"ted-baker-b997","status":"publish","type":"product","link":"https:\/\/www.mylens.es\/sq\/produkt\/ted-baker-b997\/","title":{"rendered":"Ted Baker &#8211; Navy Prestige"},"content":{"rendered":"<p>Type: Prescription<br \/>\nGjinia: Gra<br \/>\nMark\u00eb: Ted Baker<br \/>\nModel: B997<br \/>\nForma e korniz\u00ebs: Drejtk\u00ebnd\u00ebshe<br \/>\nMateriali i korniz\u00ebs: Acetat celuloze<br \/>\nLloji i Korniz\u00ebs: Rim i plot\u00eb, i p\u00ebrshtatsh\u00ebm p\u00ebr progresivitet<br \/>\nGarancia e Prodhuesit<br \/>\np\u00ebr Korniz\u00ebn: 1 vit<\/p>","protected":false},"excerpt":{"rendered":"<table id=\"sizetable\" class=\"tablesorter tablesorter-default tablesorter0747f3bc19e96\" role=\"grid\" border=\"0\">\n<tbody aria-live=\"polite\">\n<tr class=\"box-select active-size\" role=\"row\">\n<td>49<\/td>\n<td class=\"dash\">16<\/td>\n<td class=\"dash\">135<\/td>\n<td class=\"b-measure\">B 0<\/td>\n<\/tr>\n<\/tbody>\n<\/table>","protected":false},"featured_media":19897,"comment_status":"open","ping_status":"closed","template":"","meta":[],"product_brand":[137],"product_cat":[1922,1918],"product_tag":[567],"class_list":{"0":"post-16212","1":"product","2":"type-product","3":"status-publish","4":"has-post-thumbnail","6":"product_brand-ted-baker-oph","7":"product_cat-female-eye-glasses","8":"product_cat-female","9":"product_tag-eyeglasses","11":"first","12":"instock","13":"shipping-taxable","14":"purchasable","15":"product-type-variable"},"aioseo_notices":[],"_links":{"self":[{"href":"https:\/\/www.mylens.es\/sq\/wp-json\/wp\/v2\/product\/16212","targetHints":{"allow":["GET"]}}],"collection":[{"href":"https:\/\/www.mylens.es\/sq\/wp-json\/wp\/v2\/product"}],"about":[{"href":"https:\/\/www.mylens.es\/sq\/wp-json\/wp\/v2\/types\/product"}],"replies":[{"embeddable":true,"href":"https:\/\/www.mylens.es\/sq\/wp-json\/wp\/v2\/comments?post=16212"}],"wp:featuredmedia":[{"embeddable":true,"href":"https:\/\/www.mylens.es\/sq\/wp-json\/wp\/v2\/media\/19897"}],"wp:attachment":[{"href":"https:\/\/www.mylens.es\/sq\/wp-json\/wp\/v2\/media?parent=16212"}],"wp:term":[{"taxonomy":"product_brand","embeddable":true,"href":"https:\/\/www.mylens.es\/sq\/wp-json\/wp\/v2\/product_brand?post=16212"},{"taxonomy":"product_cat","embeddable":true,"href":"https:\/\/www.mylens.es\/sq\/wp-json\/wp\/v2\/product_cat?post=16212"},{"taxonomy":"product_tag","embeddable":true,"href":"https:\/\/www.mylens.es\/sq\/wp-json\/wp\/v2\/product_tag?post=16212"}],"curies":[{"name":"wp","href":"https:\/\/api.w.org\/{rel}","templated":true}]}}